{"id":2753,"date":"2023-01-26T08:12:26","date_gmt":"2023-01-26T08:12:26","guid":{"rendered":"https:\/\/globeteach.org\/?page_id=2753"},"modified":"2024-08-06T09:51:14","modified_gmt":"2024-08-06T09:51:14","slug":"formacion-corporativa","status":"publish","type":"page","link":"https:\/\/globeteach.org\/es_es\/servicios\/formacion-corporativa\/","title":{"rendered":"Formaci\u00f3n corporativa"},"content":{"rendered":"\t\t<div data-elementor-type=\"wp-page\" data-elementor-id=\"2753\" class=\"elementor elementor-2753\" data-elementor-post-type=\"page\">\n\t\t\t\t\t\t<section class=\"elementor-section elementor-top-section elementor-element elementor-element-319175aa elementor-section-boxed elementor-section-height-default elementor-section-height-default\" data-id=\"319175aa\" data-element_type=\"section\" data-e-type=\"section\">\n\t\t\t\t\t\t<div class=\"elementor-container elementor-column-gap-default\">\n\t\t\t\t\t<div class=\"elementor-column elementor-col-100 elementor-top-column elementor-element elementor-element-695e4665\" data-id=\"695e4665\" data-element_type=\"column\" data-e-type=\"column\">\n\t\t\t<div class=\"elementor-widget-wrap elementor-element-populated\">\n\t\t\t\t\t\t<div class=\"elementor-element elementor-element-6cab7dd elementor-widget elementor-widget-heading\" data-id=\"6cab7dd\" data-element_type=\"widget\" data-e-type=\"widget\" data-widget_type=\"heading.default\">\n\t\t\t\t<div class=\"elementor-widget-container\">\n\t\t\t\t\t<h2 class=\"elementor-heading-title elementor-size-default\">Formaci\u00f3n corporativa<\/h2>\t\t\t\t<\/div>\n\t\t\t\t<\/div>\n\t\t\t\t<div class=\"elementor-element elementor-element-d685848 elementor-widget elementor-widget-video\" data-id=\"d685848\" data-element_type=\"widget\" data-e-type=\"widget\" data-settings=\"{&quot;youtube_url&quot;:&quot;https:\\\/\\\/youtu.be\\\/oZcVbjqhTPw&quot;,&quot;video_type&quot;:&quot;youtube&quot;,&quot;controls&quot;:&quot;yes&quot;}\" data-widget_type=\"video.default\">\n\t\t\t\t<div class=\"elementor-widget-container\">\n\t\t\t\t\t\t\t<div class=\"elementor-wrapper elementor-open-inline\">\n\t\t\t<div class=\"elementor-video\"><\/div>\t\t<\/div>\n\t\t\t\t\t\t<\/div>\n\t\t\t\t<\/div>\n\t\t\t\t<div class=\"elementor-element elementor-element-5a85eb34 elementor-widget elementor-widget-text-editor\" data-id=\"5a85eb34\" data-element_type=\"widget\" data-e-type=\"widget\" data-widget_type=\"text-editor.default\">\n\t\t\t\t<div class=\"elementor-widget-container\">\n\t\t\t\t\t\t\t\t\t\n<p><strong>\u00bfC\u00f3mo funciona la formaci\u00f3n bonificada en idiomas para empresas?<\/strong><\/p>\n\n<p>El aprendizaje de idiomas es fundamental en el espacio empresarial actual. La nueva era digital y global del mercado hace que el ingl\u00e9s sea una herramienta diferencial a la hora competir con otras empresas. El hecho de tener un equipo que domine el ingl\u00e9s crea grandes oportunidades para abrir nuevos mercados y fortalecer los actuales.<\/p>\n\n<p><strong>\u00bfC\u00f3mo funcionan las clases de ingles bonificadas para empresas?<\/strong><\/p>\n\n<p>Todas las empresas disponen de un <strong>cr\u00e9dito anual<\/strong> que var\u00eda en funci\u00f3n del n\u00famero de empleados de cada compa\u00f1\u00eda. Este cr\u00e9dito puede ser invertido para conceder formaci\u00f3n a sus empleados.<\/p>\n\n<p>En nuestro caso, GlobeTeach, adem\u00e1s de impartir formaci\u00f3n de idiomas para empresas a nivel nacional<strong>, tambi\u00e9n gestionamos de forma integral la formaci\u00f3n bonificada<\/strong> para empresas con Estado a trav\u00e9s de los cr\u00e9ditos que se disponen en su plataforma. De esta manera, en funci\u00f3n de los cr\u00e9ditos que se asignen a cada empresa, se puede acceder a los cursos.<\/p>\n\n<p><strong>Clases de ingl\u00e9s presencial u online bonificado<\/strong><\/p>\n\n<p>El n\u00famero m\u00e1ximo de participantes en los cursos presenciales u online de GlobeTeach es 6 alumnos y con una duraci\u00f3n est\u00e1ndar de 90 minutos por clase. Las frecuencias pueden ser de una o dos clases por semana. Las bonificaciones de los cursos de ingl\u00e9s presencial bonificado son de 9 euros la hora por participar en el nivel b\u00e1sico y de 13 euros la hora por hacerlo en un nivel superior.<\/p>\n\n<p>En ambos casos, se precisan 7 d\u00edas para poder dar de alta el curso de ingl\u00e9s ante Fundae.<\/p>\n\n<p>A trav\u00e9s de la formaci\u00f3n bonificada de empresas, los trabajadores pueden acceder a una <strong>ense\u00f1anza personalizada y adaptada a sus necesidades<\/strong>. Las empresas especializadas en cursos de ingl\u00e9s presencial bonificado y de cursos de ingl\u00e9s online bonificado disponen del material did\u00e1ctico, las herramientas y la infraestructura para ofrecer soluciones completamente personalizadas.<\/p>\n\n<p>En un momento como el actual, es obligado que el equipo humano domine una lengua extranjera como es el ingl\u00e9s, puesto que se ha consolidado en el idioma vehicular de todo el mundo. Con el dominio del ingl\u00e9s, las empresas pueden iniciar procesos de internacionalizaci\u00f3n s\u00f3lidos y hacer negocios en cualquier parte del planeta.<\/p>\n\n<p>Gracias a las clases presenciales bonificadas para empresas, las organizaciones disponen de una ayuda econ\u00f3mica que les permite acceder a la formaci\u00f3n.<\/p>\n\n<p>Es importante que empresas especializadas en este tipo de ense\u00f1anza se ocupen de realizar todos los tr\u00e1mites con la administraci\u00f3n, conocer la disponibilidad de cr\u00e9ditos seg\u00fan los trabajadores que se tenga y c\u00f3mo sean estos, crear un plan formativo adaptado a las necesidades reales. La suma de todo permite que la formaci\u00f3n sea exitosa y que los trabajadores mejoren su nivel de ingl\u00e9s.<\/p>\n\t\t\t\t\t\t\t\t<\/div>\n\t\t\t\t<\/div>\n\t\t\t\t\t<\/div>\n\t\t<\/div>\n\t\t\t\t\t<\/div>\n\t\t<\/section>\n\t\t\t\t<\/div>\n\t\t","protected":false},"excerpt":{"rendered":"<p>Formaci\u00f3n corporativa \u00bfC\u00f3mo funciona la formaci\u00f3n bonificada en idiomas para empresas? El aprendizaje de idiomas es fundamental en el espacio empresarial actual. La nueva era digital y global del mercado hace que el ingl\u00e9s sea una herramienta diferencial a la hora competir con otras empresas. El hecho de tener un equipo que domine el ingl\u00e9s [&hellip;]<\/p>\n","protected":false},"author":1,"featured_media":0,"parent":49,"menu_order":0,"comment_status":"closed","ping_status":"closed","template":"elementor_header_footer","meta":{"footnotes":""},"class_list":["post-2753","page","type-page","status-publish","hentry"],"yoast_head":"<!-- This site is optimized with the Yoast SEO plugin v27.5 - https:\/\/yoast.com\/product\/yoast-seo-wordpress\/ -->\n<title>Formaci\u00f3n corporativa - Globe Teach<\/title>\n<meta name=\"robots\" content=\"index, follow, max-snippet:-1, max-image-preview:large, max-video-preview:-1\" \/>\n<link rel=\"canonical\" href=\"https:\/\/globeteach.org\/es_es\/servicios\/formacion-corporativa\/\" \/>\n<meta property=\"og:locale\" content=\"es_ES\" \/>\n<meta property=\"og:type\" content=\"article\" \/>\n<meta property=\"og:title\" content=\"Formaci\u00f3n corporativa - Globe Teach\" \/>\n<meta property=\"og:description\" content=\"Formaci\u00f3n corporativa \u00bfC\u00f3mo funciona la formaci\u00f3n bonificada en idiomas para empresas? El aprendizaje de idiomas es fundamental en el espacio empresarial actual. La nueva era digital y global del mercado hace que el ingl\u00e9s sea una herramienta diferencial a la hora competir con otras empresas. El hecho de tener un equipo que domine el ingl\u00e9s [&hellip;]\" \/>\n<meta property=\"og:url\" content=\"https:\/\/globeteach.org\/es_es\/servicios\/formacion-corporativa\/\" \/>\n<meta property=\"og:site_name\" content=\"Globe Teach\" \/>\n<meta property=\"article:modified_time\" content=\"2024-08-06T09:51:14+00:00\" \/>\n<meta name=\"twitter:card\" content=\"summary_large_image\" \/>\n<meta name=\"twitter:label1\" content=\"Tiempo de lectura\" \/>\n\t<meta name=\"twitter:data1\" content=\"3 minutos\" \/>\n<script type=\"application\/ld+json\" class=\"yoast-schema-graph\">{\"@context\":\"https:\\\/\\\/schema.org\",\"@graph\":[{\"@type\":\"WebPage\",\"@id\":\"https:\\\/\\\/globeteach.org\\\/es_es\\\/servicios\\\/formacion-corporativa\\\/\",\"url\":\"https:\\\/\\\/globeteach.org\\\/es_es\\\/servicios\\\/formacion-corporativa\\\/\",\"name\":\"Formaci\u00f3n corporativa - Globe Teach\",\"isPartOf\":{\"@id\":\"https:\\\/\\\/globeteach.org\\\/es_es\\\/#website\"},\"datePublished\":\"2023-01-26T08:12:26+00:00\",\"dateModified\":\"2024-08-06T09:51:14+00:00\",\"breadcrumb\":{\"@id\":\"https:\\\/\\\/globeteach.org\\\/es_es\\\/servicios\\\/formacion-corporativa\\\/#breadcrumb\"},\"inLanguage\":\"es\",\"potentialAction\":[{\"@type\":\"ReadAction\",\"target\":[\"https:\\\/\\\/globeteach.org\\\/es_es\\\/servicios\\\/formacion-corporativa\\\/\"]}]},{\"@type\":\"BreadcrumbList\",\"@id\":\"https:\\\/\\\/globeteach.org\\\/es_es\\\/servicios\\\/formacion-corporativa\\\/#breadcrumb\",\"itemListElement\":[{\"@type\":\"ListItem\",\"position\":1,\"name\":\"Portada\",\"item\":\"https:\\\/\\\/globeteach.org\\\/\"},{\"@type\":\"ListItem\",\"position\":2,\"name\":\"Servicios\",\"item\":\"https:\\\/\\\/globeteach.org\\\/es_es\\\/servicios\\\/\"},{\"@type\":\"ListItem\",\"position\":3,\"name\":\"Formaci\u00f3n corporativa\"}]},{\"@type\":\"WebSite\",\"@id\":\"https:\\\/\\\/globeteach.org\\\/es_es\\\/#website\",\"url\":\"https:\\\/\\\/globeteach.org\\\/es_es\\\/\",\"name\":\"Globe Teach\",\"description\":\"We are an educational agency specialized in consulting and recruiting.\",\"publisher\":{\"@id\":\"https:\\\/\\\/globeteach.org\\\/es_es\\\/#organization\"},\"potentialAction\":[{\"@type\":\"SearchAction\",\"target\":{\"@type\":\"EntryPoint\",\"urlTemplate\":\"https:\\\/\\\/globeteach.org\\\/es_es\\\/?s={search_term_string}\"},\"query-input\":{\"@type\":\"PropertyValueSpecification\",\"valueRequired\":true,\"valueName\":\"search_term_string\"}}],\"inLanguage\":\"es\"},{\"@type\":\"Organization\",\"@id\":\"https:\\\/\\\/globeteach.org\\\/es_es\\\/#organization\",\"name\":\"Globe Teach\",\"url\":\"https:\\\/\\\/globeteach.org\\\/es_es\\\/\",\"logo\":{\"@type\":\"ImageObject\",\"inLanguage\":\"es\",\"@id\":\"https:\\\/\\\/globeteach.org\\\/es_es\\\/#\\\/schema\\\/logo\\\/image\\\/\",\"url\":\"https:\\\/\\\/globeteach.org\\\/wp-content\\\/uploads\\\/2020\\\/12\\\/globeteach-logo.png\",\"contentUrl\":\"https:\\\/\\\/globeteach.org\\\/wp-content\\\/uploads\\\/2020\\\/12\\\/globeteach-logo.png\",\"width\":400,\"height\":263,\"caption\":\"Globe Teach\"},\"image\":{\"@id\":\"https:\\\/\\\/globeteach.org\\\/es_es\\\/#\\\/schema\\\/logo\\\/image\\\/\"}}]}<\/script>\n<!-- \/ Yoast SEO plugin. -->","yoast_head_json":{"title":"Formaci\u00f3n corporativa - Globe Teach","robots":{"index":"index","follow":"follow","max-snippet":"max-snippet:-1","max-image-preview":"max-image-preview:large","max-video-preview":"max-video-preview:-1"},"canonical":"https:\/\/globeteach.org\/es_es\/servicios\/formacion-corporativa\/","og_locale":"es_ES","og_type":"article","og_title":"Formaci\u00f3n corporativa - Globe Teach","og_description":"Formaci\u00f3n corporativa \u00bfC\u00f3mo funciona la formaci\u00f3n bonificada en idiomas para empresas? El aprendizaje de idiomas es fundamental en el espacio empresarial actual. La nueva era digital y global del mercado hace que el ingl\u00e9s sea una herramienta diferencial a la hora competir con otras empresas. El hecho de tener un equipo que domine el ingl\u00e9s [&hellip;]","og_url":"https:\/\/globeteach.org\/es_es\/servicios\/formacion-corporativa\/","og_site_name":"Globe Teach","article_modified_time":"2024-08-06T09:51:14+00:00","twitter_card":"summary_large_image","twitter_misc":{"Tiempo de lectura":"3 minutos"},"schema":{"@context":"https:\/\/schema.org","@graph":[{"@type":"WebPage","@id":"https:\/\/globeteach.org\/es_es\/servicios\/formacion-corporativa\/","url":"https:\/\/globeteach.org\/es_es\/servicios\/formacion-corporativa\/","name":"Formaci\u00f3n corporativa - Globe Teach","isPartOf":{"@id":"https:\/\/globeteach.org\/es_es\/#website"},"datePublished":"2023-01-26T08:12:26+00:00","dateModified":"2024-08-06T09:51:14+00:00","breadcrumb":{"@id":"https:\/\/globeteach.org\/es_es\/servicios\/formacion-corporativa\/#breadcrumb"},"inLanguage":"es","potentialAction":[{"@type":"ReadAction","target":["https:\/\/globeteach.org\/es_es\/servicios\/formacion-corporativa\/"]}]},{"@type":"BreadcrumbList","@id":"https:\/\/globeteach.org\/es_es\/servicios\/formacion-corporativa\/#breadcrumb","itemListElement":[{"@type":"ListItem","position":1,"name":"Portada","item":"https:\/\/globeteach.org\/"},{"@type":"ListItem","position":2,"name":"Servicios","item":"https:\/\/globeteach.org\/es_es\/servicios\/"},{"@type":"ListItem","position":3,"name":"Formaci\u00f3n corporativa"}]},{"@type":"WebSite","@id":"https:\/\/globeteach.org\/es_es\/#website","url":"https:\/\/globeteach.org\/es_es\/","name":"Globe Teach","description":"We are an educational agency specialized in consulting and recruiting.","publisher":{"@id":"https:\/\/globeteach.org\/es_es\/#organization"},"potentialAction":[{"@type":"SearchAction","target":{"@type":"EntryPoint","urlTemplate":"https:\/\/globeteach.org\/es_es\/?s={search_term_string}"},"query-input":{"@type":"PropertyValueSpecification","valueRequired":true,"valueName":"search_term_string"}}],"inLanguage":"es"},{"@type":"Organization","@id":"https:\/\/globeteach.org\/es_es\/#organization","name":"Globe Teach","url":"https:\/\/globeteach.org\/es_es\/","logo":{"@type":"ImageObject","inLanguage":"es","@id":"https:\/\/globeteach.org\/es_es\/#\/schema\/logo\/image\/","url":"https:\/\/globeteach.org\/wp-content\/uploads\/2020\/12\/globeteach-logo.png","contentUrl":"https:\/\/globeteach.org\/wp-content\/uploads\/2020\/12\/globeteach-logo.png","width":400,"height":263,"caption":"Globe Teach"},"image":{"@id":"https:\/\/globeteach.org\/es_es\/#\/schema\/logo\/image\/"}}]}},"_links":{"self":[{"href":"https:\/\/globeteach.org\/es_es\/wp-json\/wp\/v2\/pages\/2753","targetHints":{"allow":["GET"]}}],"collection":[{"href":"https:\/\/globeteach.org\/es_es\/wp-json\/wp\/v2\/pages"}],"about":[{"href":"https:\/\/globeteach.org\/es_es\/wp-json\/wp\/v2\/types\/page"}],"author":[{"embeddable":true,"href":"https:\/\/globeteach.org\/es_es\/wp-json\/wp\/v2\/users\/1"}],"replies":[{"embeddable":true,"href":"https:\/\/globeteach.org\/es_es\/wp-json\/wp\/v2\/comments?post=2753"}],"version-history":[{"count":27,"href":"https:\/\/globeteach.org\/es_es\/wp-json\/wp\/v2\/pages\/2753\/revisions"}],"predecessor-version":[{"id":2828,"href":"https:\/\/globeteach.org\/es_es\/wp-json\/wp\/v2\/pages\/2753\/revisions\/2828"}],"up":[{"embeddable":true,"href":"https:\/\/globeteach.org\/es_es\/wp-json\/wp\/v2\/pages\/49"}],"wp:attachment":[{"href":"https:\/\/globeteach.org\/es_es\/wp-json\/wp\/v2\/media?parent=2753"}],"curies":[{"name":"wp","href":"https:\/\/api.w.org\/{rel}","templated":true}]}}