{"id":32,"date":"2020-12-10T14:14:18","date_gmt":"2020-12-10T14:14:18","guid":{"rendered":"https:\/\/globeteach.org\/?page_id=32"},"modified":"2023-03-24T11:32:11","modified_gmt":"2023-03-24T11:32:11","slug":"inicio","status":"publish","type":"page","link":"https:\/\/globeteach.org\/en\/","title":{"rendered":"Home"},"content":{"rendered":"<div data-elementor-type=\"wp-page\" data-elementor-id=\"32\" class=\"elementor elementor-32\" data-elementor-post-type=\"page\">\n\t\t\t\t\t\t<section class=\"elementor-section elementor-top-section elementor-element elementor-element-0fbc81e elementor-section-height-min-height elementor-section-boxed elementor-section-height-default elementor-section-items-middle\" data-id=\"0fbc81e\" data-element_type=\"section\" data-e-type=\"section\" data-settings=\"{&quot;background_background&quot;:&quot;classic&quot;}\">\n\t\t\t\t\t\t<div class=\"elementor-container elementor-column-gap-default\">\n\t\t\t\t\t<div class=\"elementor-column elementor-col-100 elementor-top-column elementor-element elementor-element-09bfadc\" data-id=\"09bfadc\" data-element_type=\"column\" data-e-type=\"column\">\n\t\t\t<div class=\"elementor-widget-wrap elementor-element-populated\">\n\t\t\t\t\t\t<div class=\"elementor-element elementor-element-39e8715 elementor-hidden-desktop elementor-widget elementor-widget-image\" data-id=\"39e8715\" data-element_type=\"widget\" data-e-type=\"widget\" data-widget_type=\"image.default\">\n\t\t\t\t<div class=\"elementor-widget-container\">\n\t\t\t\t\t\t\t\t\t\t\t\t\t\t\t<img fetchpriority=\"high\" decoding=\"async\" width=\"800\" height=\"534\" src=\"https:\/\/globeteach.org\/wp-content\/uploads\/2020\/12\/thisisengineering-raeng-TXxiFuQLBKQ-unsplash-1024x683.jpg\" class=\"attachment-large size-large wp-image-37\" alt=\"\" srcset=\"https:\/\/globeteach.org\/wp-content\/uploads\/2020\/12\/thisisengineering-raeng-TXxiFuQLBKQ-unsplash-1024x683.jpg 1024w, https:\/\/globeteach.org\/wp-content\/uploads\/2020\/12\/thisisengineering-raeng-TXxiFuQLBKQ-unsplash-300x200.jpg 300w, https:\/\/globeteach.org\/wp-content\/uploads\/2020\/12\/thisisengineering-raeng-TXxiFuQLBKQ-unsplash-768x512.jpg 768w, https:\/\/globeteach.org\/wp-content\/uploads\/2020\/12\/thisisengineering-raeng-TXxiFuQLBKQ-unsplash-1536x1025.jpg 1536w, https:\/\/globeteach.org\/wp-content\/uploads\/2020\/12\/thisisengineering-raeng-TXxiFuQLBKQ-unsplash.jpg 1920w\" sizes=\"(max-width: 800px) 100vw, 800px\" \/>\t\t\t\t\t\t\t\t\t\t\t\t\t\t\t<\/div>\n\t\t\t\t<\/div>\n\t\t\t\t<div class=\"elementor-element elementor-element-d377e12 elementor-widget elementor-widget-heading\" data-id=\"d377e12\" data-element_type=\"widget\" data-e-type=\"widget\" data-widget_type=\"heading.default\">\n\t\t\t\t<div class=\"elementor-widget-container\">\n\t\t\t\t\t<h4 class=\"elementor-heading-title elementor-size-default\">Welcome to GlobeTeach<\/h4>\t\t\t\t<\/div>\n\t\t\t\t<\/div>\n\t\t\t\t<div class=\"elementor-element elementor-element-8ad100a elementor-widget elementor-widget-heading\" data-id=\"8ad100a\" data-element_type=\"widget\" data-e-type=\"widget\" data-widget_type=\"heading.default\">\n\t\t\t\t<div class=\"elementor-widget-container\">\n\t\t\t\t\t<h1 class=\"elementor-heading-title elementor-size-default\">We are an educational and recruitment agency specialized in English language teaching.<\/h1>\t\t\t\t<\/div>\n\t\t\t\t<\/div>\n\t\t\t\t\t<\/div>\n\t\t<\/div>\n\t\t\t\t\t<\/div>\n\t\t<\/section>\n\t\t\t\t<section class=\"elementor-section elementor-top-section elementor-element elementor-element-7c77ebc elementor-section-boxed elementor-section-height-default elementor-section-height-default\" data-id=\"7c77ebc\" data-element_type=\"section\" data-e-type=\"section\">\n\t\t\t\t\t\t<div class=\"elementor-container elementor-column-gap-default\">\n\t\t\t\t\t<div class=\"elementor-column elementor-col-100 elementor-top-column elementor-element elementor-element-9f450ce\" data-id=\"9f450ce\" data-element_type=\"column\" data-e-type=\"column\">\n\t\t\t<div class=\"elementor-widget-wrap elementor-element-populated\">\n\t\t\t\t\t\t<div class=\"elementor-element elementor-element-fe57163 elementor-widget elementor-widget-heading\" data-id=\"fe57163\" data-element_type=\"widget\" data-e-type=\"widget\" data-widget_type=\"heading.default\">\n\t\t\t\t<div class=\"elementor-widget-container\">\n\t\t\t\t\t<h2 class=\"elementor-heading-title elementor-size-default\">What do we do?<\/h2>\t\t\t\t<\/div>\n\t\t\t\t<\/div>\n\t\t\t\t<div class=\"elementor-element elementor-element-1666955 elementor-widget__width-initial elementor-position-top elementor-widget elementor-widget-image-box\" data-id=\"1666955\" data-element_type=\"widget\" data-e-type=\"widget\" data-widget_type=\"image-box.default\">\n\t\t\t\t<div class=\"elementor-widget-container\">\n\t\t\t\t\t<div class=\"elementor-image-box-wrapper\"><figure class=\"elementor-image-box-img\"><a href=\"\/en\/servicios\/#inmersion\" tabindex=\"-1\"><img decoding=\"async\" width=\"512\" height=\"512\" src=\"https:\/\/globeteach.org\/wp-content\/uploads\/2022\/04\/conversation.png\" class=\"attachment-full size-full wp-image-667\" alt=\"\" srcset=\"https:\/\/globeteach.org\/wp-content\/uploads\/2022\/04\/conversation.png 512w, https:\/\/globeteach.org\/wp-content\/uploads\/2022\/04\/conversation-300x300.png 300w, https:\/\/globeteach.org\/wp-content\/uploads\/2022\/04\/conversation-150x150.png 150w, https:\/\/globeteach.org\/wp-content\/uploads\/2022\/04\/conversation-12x12.png 12w\" sizes=\"(max-width: 512px) 100vw, 512px\" \/><\/a><\/figure><div class=\"elementor-image-box-content\"><p class=\"elementor-image-box-description\">English Immersion programs<\/p><\/div><\/div>\t\t\t\t<\/div>\n\t\t\t\t<\/div>\n\t\t\t\t<div class=\"elementor-element elementor-element-d1e2769 elementor-widget__width-initial elementor-position-top elementor-widget elementor-widget-image-box\" data-id=\"d1e2769\" data-element_type=\"widget\" data-e-type=\"widget\" data-widget_type=\"image-box.default\">\n\t\t\t\t<div class=\"elementor-widget-container\">\n\t\t\t\t\t<div class=\"elementor-image-box-wrapper\"><figure class=\"elementor-image-box-img\"><a href=\"\/en\/servicios\/#reclutamiento\" tabindex=\"-1\"><img decoding=\"async\" width=\"256\" height=\"256\" src=\"https:\/\/globeteach.org\/wp-content\/uploads\/2022\/04\/hiring.png\" class=\"attachment-full size-full wp-image-666\" alt=\"\" srcset=\"https:\/\/globeteach.org\/wp-content\/uploads\/2022\/04\/hiring.png 256w, https:\/\/globeteach.org\/wp-content\/uploads\/2022\/04\/hiring-150x150.png 150w, https:\/\/globeteach.org\/wp-content\/uploads\/2022\/04\/hiring-12x12.png 12w\" sizes=\"(max-width: 256px) 100vw, 256px\" \/><\/a><\/figure><div class=\"elementor-image-box-content\"><p class=\"elementor-image-box-description\">Recruitment and selection of personnel<\/p><\/div><\/div>\t\t\t\t<\/div>\n\t\t\t\t<\/div>\n\t\t\t\t<div class=\"elementor-element elementor-element-983092b elementor-widget__width-initial elementor-position-top elementor-widget elementor-widget-image-box\" data-id=\"983092b\" data-element_type=\"widget\" data-e-type=\"widget\" data-widget_type=\"image-box.default\">\n\t\t\t\t<div class=\"elementor-widget-container\">\n\t\t\t\t\t<div class=\"elementor-image-box-wrapper\"><figure class=\"elementor-image-box-img\"><a href=\"\/en\/servicios\/#cursos-online\" tabindex=\"-1\"><img loading=\"lazy\" decoding=\"async\" width=\"512\" height=\"512\" src=\"https:\/\/globeteach.org\/wp-content\/uploads\/2022\/04\/online-course.png\" class=\"attachment-full size-full wp-image-670\" alt=\"\" srcset=\"https:\/\/globeteach.org\/wp-content\/uploads\/2022\/04\/online-course.png 512w, https:\/\/globeteach.org\/wp-content\/uploads\/2022\/04\/online-course-300x300.png 300w, https:\/\/globeteach.org\/wp-content\/uploads\/2022\/04\/online-course-150x150.png 150w, https:\/\/globeteach.org\/wp-content\/uploads\/2022\/04\/online-course-12x12.png 12w\" sizes=\"(max-width: 512px) 100vw, 512px\" \/><\/a><\/figure><div class=\"elementor-image-box-content\"><p class=\"elementor-image-box-description translation-block\">Online<br> Courses<\/p><\/div><\/div>\t\t\t\t<\/div>\n\t\t\t\t<\/div>\n\t\t\t\t<div class=\"elementor-element elementor-element-8fe3518 elementor-widget__width-initial elementor-position-top elementor-widget elementor-widget-image-box\" data-id=\"8fe3518\" data-element_type=\"widget\" data-e-type=\"widget\" data-widget_type=\"image-box.default\">\n\t\t\t\t<div class=\"elementor-widget-container\">\n\t\t\t\t\t<div class=\"elementor-image-box-wrapper\"><figure class=\"elementor-image-box-img\"><img loading=\"lazy\" decoding=\"async\" width=\"512\" height=\"512\" src=\"https:\/\/globeteach.org\/wp-content\/uploads\/2022\/04\/presentation.png\" class=\"attachment-full size-full wp-image-671\" alt=\"\" srcset=\"https:\/\/globeteach.org\/wp-content\/uploads\/2022\/04\/presentation.png 512w, https:\/\/globeteach.org\/wp-content\/uploads\/2022\/04\/presentation-300x300.png 300w, https:\/\/globeteach.org\/wp-content\/uploads\/2022\/04\/presentation-150x150.png 150w, https:\/\/globeteach.org\/wp-content\/uploads\/2022\/04\/presentation-12x12.png 12w\" sizes=\"(max-width: 512px) 100vw, 512px\" \/><\/figure><div class=\"elementor-image-box-content\"><p class=\"elementor-image-box-description\">Face to face<br>\nCourses<\/p><\/div><\/div>\t\t\t\t<\/div>\n\t\t\t\t<\/div>\n\t\t\t\t<div class=\"elementor-element elementor-element-a03f9f6 elementor-widget__width-initial elementor-position-top elementor-widget elementor-widget-image-box\" data-id=\"a03f9f6\" data-element_type=\"widget\" data-e-type=\"widget\" data-widget_type=\"image-box.default\">\n\t\t\t\t<div class=\"elementor-widget-container\">\n\t\t\t\t\t<div class=\"elementor-image-box-wrapper\"><figure class=\"elementor-image-box-img\"><img loading=\"lazy\" decoding=\"async\" width=\"512\" height=\"512\" src=\"https:\/\/globeteach.org\/wp-content\/uploads\/2022\/04\/open-book.png\" class=\"attachment-full size-full wp-image-668\" alt=\"\" srcset=\"https:\/\/globeteach.org\/wp-content\/uploads\/2022\/04\/open-book.png 512w, https:\/\/globeteach.org\/wp-content\/uploads\/2022\/04\/open-book-300x300.png 300w, https:\/\/globeteach.org\/wp-content\/uploads\/2022\/04\/open-book-150x150.png 150w, https:\/\/globeteach.org\/wp-content\/uploads\/2022\/04\/open-book-12x12.png 12w\" sizes=\"(max-width: 512px) 100vw, 512px\" \/><\/figure><div class=\"elementor-image-box-content\"><p class=\"elementor-image-box-description\">Educational content creation and development<\/p><\/div><\/div>\t\t\t\t<\/div>\n\t\t\t\t<\/div>\n\t\t\t\t\t<\/div>\n\t\t<\/div>\n\t\t\t\t\t<\/div>\n\t\t<\/section>\n\t\t\t\t<section class=\"elementor-section elementor-top-section elementor-element elementor-element-10eae4c elementor-section-boxed elementor-section-height-default elementor-section-height-default\" data-id=\"10eae4c\" data-element_type=\"section\" data-e-type=\"section\">\n\t\t\t\t\t\t<div class=\"elementor-container elementor-column-gap-default\">\n\t\t\t\t\t<div class=\"elementor-column elementor-col-50 elementor-top-column elementor-element elementor-element-ea2f2f1\" data-id=\"ea2f2f1\" data-element_type=\"column\" data-e-type=\"column\">\n\t\t\t<div class=\"elementor-widget-wrap elementor-element-populated\">\n\t\t\t\t\t\t<div class=\"elementor-element elementor-element-1b4a6d3 elementor-widget elementor-widget-image\" data-id=\"1b4a6d3\" data-element_type=\"widget\" data-e-type=\"widget\" data-widget_type=\"image.default\">\n\t\t\t\t<div class=\"elementor-widget-container\">\n\t\t\t\t\t\t\t\t\t\t\t\t\t\t\t<img loading=\"lazy\" decoding=\"async\" width=\"545\" height=\"282\" src=\"https:\/\/globeteach.org\/wp-content\/uploads\/2021\/01\/reclutamos-profesores.jpg\" class=\"attachment-large size-large wp-image-65\" alt=\"\" srcset=\"https:\/\/globeteach.org\/wp-content\/uploads\/2021\/01\/reclutamos-profesores.jpg 545w, https:\/\/globeteach.org\/wp-content\/uploads\/2021\/01\/reclutamos-profesores-300x155.jpg 300w\" sizes=\"(max-width: 545px) 100vw, 545px\" \/>\t\t\t\t\t\t\t\t\t\t\t\t\t\t\t<\/div>\n\t\t\t\t<\/div>\n\t\t\t\t<div class=\"elementor-element elementor-element-af1fc92 elementor-widget elementor-widget-heading\" data-id=\"af1fc92\" data-element_type=\"widget\" data-e-type=\"widget\" data-widget_type=\"heading.default\">\n\t\t\t\t<div class=\"elementor-widget-container\">\n\t\t\t\t\t<h3 class=\"elementor-heading-title elementor-size-default\">We recruit teachers and educators.<\/h3>\t\t\t\t<\/div>\n\t\t\t\t<\/div>\n\t\t\t\t<div class=\"elementor-element elementor-element-7a28d57 elementor-widget elementor-widget-text-editor\" data-id=\"7a28d57\" data-element_type=\"widget\" data-e-type=\"widget\" data-widget_type=\"text-editor.default\">\n\t\t\t\t<div class=\"elementor-widget-container\">\n\t\t\t\t\t\t\t\t\t<p>We recruit teachers and educators for schools, academies and education centers around the world.\u00a0<\/p>\t\t\t\t\t\t\t\t<\/div>\n\t\t\t\t<\/div>\n\t\t\t\t<div class=\"elementor-element elementor-element-095caf1 elementor-widget__width-auto elementor-widget elementor-widget-heading\" data-id=\"095caf1\" data-element_type=\"widget\" data-e-type=\"widget\" data-widget_type=\"heading.default\">\n\t\t\t\t<div class=\"elementor-widget-container\">\n\t\t\t\t\t<h5 class=\"elementor-heading-title elementor-size-default\"><a href=\"https:\/\/globeteach.org\/en\/servicios\/\">READ MORE<\/a><\/h5>\t\t\t\t<\/div>\n\t\t\t\t<\/div>\n\t\t\t\t<div class=\"elementor-element elementor-element-1b1c3ed elementor-widget__width-auto elementor-view-default elementor-widget elementor-widget-icon\" data-id=\"1b1c3ed\" data-element_type=\"widget\" data-e-type=\"widget\" data-widget_type=\"icon.default\">\n\t\t\t\t<div class=\"elementor-widget-container\">\n\t\t\t\t\t\t\t<div class=\"elementor-icon-wrapper\">\n\t\t\t<a class=\"elementor-icon\" href=\"https:\/\/globeteach.org\/en\/servicios\/\">\n\t\t\t<i aria-hidden=\"true\" class=\"fas fa-long-arrow-alt-right\"><\/i>\t\t\t<\/a>\n\t\t<\/div>\n\t\t\t\t\t\t<\/div>\n\t\t\t\t<\/div>\n\t\t\t\t\t<\/div>\n\t\t<\/div>\n\t\t\t\t<div class=\"elementor-column elementor-col-50 elementor-top-column elementor-element elementor-element-99ac734\" data-id=\"99ac734\" data-element_type=\"column\" data-e-type=\"column\">\n\t\t\t<div class=\"elementor-widget-wrap elementor-element-populated\">\n\t\t\t\t\t\t<div class=\"elementor-element elementor-element-2db199d elementor-widget elementor-widget-image\" data-id=\"2db199d\" data-element_type=\"widget\" data-e-type=\"widget\" data-widget_type=\"image.default\">\n\t\t\t\t<div class=\"elementor-widget-container\">\n\t\t\t\t\t\t\t\t\t\t\t\t\t\t\t<img loading=\"lazy\" decoding=\"async\" width=\"545\" height=\"282\" src=\"https:\/\/globeteach.org\/wp-content\/uploads\/2021\/01\/asesoramos-empresas-educativas.jpg\" class=\"attachment-large size-large wp-image-64\" alt=\"\" srcset=\"https:\/\/globeteach.org\/wp-content\/uploads\/2021\/01\/asesoramos-empresas-educativas.jpg 545w, https:\/\/globeteach.org\/wp-content\/uploads\/2021\/01\/asesoramos-empresas-educativas-300x155.jpg 300w\" sizes=\"(max-width: 545px) 100vw, 545px\" \/>\t\t\t\t\t\t\t\t\t\t\t\t\t\t\t<\/div>\n\t\t\t\t<\/div>\n\t\t\t\t<div class=\"elementor-element elementor-element-a7fef42 elementor-widget elementor-widget-heading\" data-id=\"a7fef42\" data-element_type=\"widget\" data-e-type=\"widget\" data-widget_type=\"heading.default\">\n\t\t\t\t<div class=\"elementor-widget-container\">\n\t\t\t\t\t<h3 class=\"elementor-heading-title elementor-size-default\">We give consultancy to education companies.<\/h3>\t\t\t\t<\/div>\n\t\t\t\t<\/div>\n\t\t\t\t<div class=\"elementor-element elementor-element-4216519 elementor-widget elementor-widget-text-editor\" data-id=\"4216519\" data-element_type=\"widget\" data-e-type=\"widget\" data-widget_type=\"text-editor.default\">\n\t\t\t\t<div class=\"elementor-widget-container\">\n\t\t\t\t\t\t\t\t\t<p>We base these programs into active and dynamic activities to empower the students to learn from a fun perspective.\u00a0<\/p>\t\t\t\t\t\t\t\t<\/div>\n\t\t\t\t<\/div>\n\t\t\t\t<div class=\"elementor-element elementor-element-cbc9f45 elementor-widget__width-auto elementor-widget elementor-widget-heading\" data-id=\"cbc9f45\" data-element_type=\"widget\" data-e-type=\"widget\" data-widget_type=\"heading.default\">\n\t\t\t\t<div class=\"elementor-widget-container\">\n\t\t\t\t\t<h5 class=\"elementor-heading-title elementor-size-default\"><a href=\"https:\/\/globeteach.org\/en\/servicios\/\">READ MORE<\/a><\/h5>\t\t\t\t<\/div>\n\t\t\t\t<\/div>\n\t\t\t\t<div class=\"elementor-element elementor-element-4d91818 elementor-widget__width-auto elementor-view-default elementor-widget elementor-widget-icon\" data-id=\"4d91818\" data-element_type=\"widget\" data-e-type=\"widget\" data-widget_type=\"icon.default\">\n\t\t\t\t<div class=\"elementor-widget-container\">\n\t\t\t\t\t\t\t<div class=\"elementor-icon-wrapper\">\n\t\t\t<a class=\"elementor-icon\" href=\"https:\/\/globeteach.org\/en\/servicios\/\">\n\t\t\t<i aria-hidden=\"true\" class=\"fas fa-long-arrow-alt-right\"><\/i>\t\t\t<\/a>\n\t\t<\/div>\n\t\t\t\t\t\t<\/div>\n\t\t\t\t<\/div>\n\t\t\t\t\t<\/div>\n\t\t<\/div>\n\t\t\t\t\t<\/div>\n\t\t<\/section>\n\t\t\t\t<\/div>","protected":false},"excerpt":{"rendered":"<p>Bienvenidos a GlobeTeach Somos una agencia educativa y de selecci\u00f3n de personal especializada en la ense\u00f1anza del ingl\u00e9s. \u00bfQu\u00e9 hacemos? Programas de Inmersi\u00f3n en Ingl\u00e9s Reclutamiento y selecci\u00f3n de personal Cursos Online Cursos Presenciales Desarrollo y creaci\u00f3n de contenidos educativos Reclutamos profesores y educadores. Reclutamos profesores y educadores de todas las ramas para escuelas y [&hellip;]<\/p>\n","protected":false},"author":1,"featured_media":0,"parent":0,"menu_order":0,"comment_status":"closed","ping_status":"closed","template":"","meta":{"footnotes":""},"class_list":["post-32","page","type-page","status-publish","hentry"],"yoast_head":"<!-- This site is optimized with the Yoast SEO plugin v27.5 - https:\/\/yoast.com\/product\/yoast-seo-wordpress\/ -->\n<title>Inicio - Globe Teach<\/title>\n<meta name=\"description\" content=\"We are a recruiting and consulting agency specialized in education.\" \/>\n<meta name=\"robots\" content=\"index, follow, max-snippet:-1, max-image-preview:large, max-video-preview:-1\" \/>\n<link rel=\"canonical\" href=\"https:\/\/globeteach.org\/en\/\" \/>\n<meta property=\"og:locale\" content=\"en_GB\" \/>\n<meta property=\"og:type\" content=\"article\" \/>\n<meta property=\"og:title\" content=\"Inicio - Globe Teach\" \/>\n<meta property=\"og:description\" content=\"We are a recruiting and consulting agency specialized in education.\" \/>\n<meta property=\"og:url\" content=\"https:\/\/globeteach.org\/en\/\" \/>\n<meta property=\"og:site_name\" content=\"Globe Teach\" \/>\n<meta property=\"article:modified_time\" content=\"2023-03-24T11:32:11+00:00\" \/>\n<meta property=\"og:image\" content=\"https:\/\/globeteach.org\/wp-content\/uploads\/2020\/12\/thisisengineering-raeng-TXxiFuQLBKQ-unsplash-1024x683.jpg\" \/>\n<meta name=\"twitter:card\" content=\"summary_large_image\" \/>\n<meta name=\"twitter:label1\" content=\"Estimated reading time\" \/>\n\t<meta name=\"twitter:data1\" content=\"3 minutes\" \/>\n<script type=\"application\/ld+json\" class=\"yoast-schema-graph\">{\"@context\":\"https:\\\/\\\/schema.org\",\"@graph\":[{\"@type\":\"WebPage\",\"@id\":\"https:\\\/\\\/globeteach.org\\\/\",\"url\":\"https:\\\/\\\/globeteach.org\\\/\",\"name\":\"Inicio - Globe Teach\",\"isPartOf\":{\"@id\":\"https:\\\/\\\/globeteach.org\\\/es_es\\\/#website\"},\"primaryImageOfPage\":{\"@id\":\"https:\\\/\\\/globeteach.org\\\/#primaryimage\"},\"image\":{\"@id\":\"https:\\\/\\\/globeteach.org\\\/#primaryimage\"},\"thumbnailUrl\":\"https:\\\/\\\/globeteach.org\\\/wp-content\\\/uploads\\\/2020\\\/12\\\/thisisengineering-raeng-TXxiFuQLBKQ-unsplash-1024x683.jpg\",\"datePublished\":\"2020-12-10T14:14:18+00:00\",\"dateModified\":\"2023-03-24T11:32:11+00:00\",\"description\":\"We are a recruiting and consulting agency specialized in education.\",\"breadcrumb\":{\"@id\":\"https:\\\/\\\/globeteach.org\\\/#breadcrumb\"},\"inLanguage\":\"en-GB\",\"potentialAction\":[{\"@type\":\"ReadAction\",\"target\":[\"https:\\\/\\\/globeteach.org\\\/\"]}]},{\"@type\":\"ImageObject\",\"inLanguage\":\"en-GB\",\"@id\":\"https:\\\/\\\/globeteach.org\\\/#primaryimage\",\"url\":\"https:\\\/\\\/globeteach.org\\\/wp-content\\\/uploads\\\/2020\\\/12\\\/thisisengineering-raeng-TXxiFuQLBKQ-unsplash-1024x683.jpg\",\"contentUrl\":\"https:\\\/\\\/globeteach.org\\\/wp-content\\\/uploads\\\/2020\\\/12\\\/thisisengineering-raeng-TXxiFuQLBKQ-unsplash-1024x683.jpg\"},{\"@type\":\"BreadcrumbList\",\"@id\":\"https:\\\/\\\/globeteach.org\\\/#breadcrumb\",\"itemListElement\":[{\"@type\":\"ListItem\",\"position\":1,\"name\":\"Portada\",\"item\":\"https:\\\/\\\/globeteach.org\\\/\"},{\"@type\":\"ListItem\",\"position\":2,\"name\":\"Inicio\"}]},{\"@type\":\"WebSite\",\"@id\":\"https:\\\/\\\/globeteach.org\\\/es_es\\\/#website\",\"url\":\"https:\\\/\\\/globeteach.org\\\/es_es\\\/\",\"name\":\"Globe Teach\",\"description\":\"We are an educational agency specialized in consulting and recruiting.\",\"publisher\":{\"@id\":\"https:\\\/\\\/globeteach.org\\\/es_es\\\/#organization\"},\"potentialAction\":[{\"@type\":\"SearchAction\",\"target\":{\"@type\":\"EntryPoint\",\"urlTemplate\":\"https:\\\/\\\/globeteach.org\\\/es_es\\\/?s={search_term_string}\"},\"query-input\":{\"@type\":\"PropertyValueSpecification\",\"valueRequired\":true,\"valueName\":\"search_term_string\"}}],\"inLanguage\":\"en-GB\"},{\"@type\":\"Organization\",\"@id\":\"https:\\\/\\\/globeteach.org\\\/es_es\\\/#organization\",\"name\":\"Globe Teach\",\"url\":\"https:\\\/\\\/globeteach.org\\\/es_es\\\/\",\"logo\":{\"@type\":\"ImageObject\",\"inLanguage\":\"en-GB\",\"@id\":\"https:\\\/\\\/globeteach.org\\\/es_es\\\/#\\\/schema\\\/logo\\\/image\\\/\",\"url\":\"https:\\\/\\\/globeteach.org\\\/wp-content\\\/uploads\\\/2020\\\/12\\\/globeteach-logo.png\",\"contentUrl\":\"https:\\\/\\\/globeteach.org\\\/wp-content\\\/uploads\\\/2020\\\/12\\\/globeteach-logo.png\",\"width\":400,\"height\":263,\"caption\":\"Globe Teach\"},\"image\":{\"@id\":\"https:\\\/\\\/globeteach.org\\\/es_es\\\/#\\\/schema\\\/logo\\\/image\\\/\"}}]}<\/script>\n<!-- \/ Yoast SEO plugin. -->","yoast_head_json":{"title":"Inicio - Globe Teach","description":"We are a recruiting and consulting agency specialized in education.","robots":{"index":"index","follow":"follow","max-snippet":"max-snippet:-1","max-image-preview":"max-image-preview:large","max-video-preview":"max-video-preview:-1"},"canonical":"https:\/\/globeteach.org\/en\/","og_locale":"en_GB","og_type":"article","og_title":"Inicio - Globe Teach","og_description":"We are a recruiting and consulting agency specialized in education.","og_url":"https:\/\/globeteach.org\/en\/","og_site_name":"Globe Teach","article_modified_time":"2023-03-24T11:32:11+00:00","og_image":[{"url":"https:\/\/globeteach.org\/wp-content\/uploads\/2020\/12\/thisisengineering-raeng-TXxiFuQLBKQ-unsplash-1024x683.jpg","type":"","width":"","height":""}],"twitter_card":"summary_large_image","twitter_misc":{"Estimated reading time":"3 minutes"},"schema":{"@context":"https:\/\/schema.org","@graph":[{"@type":"WebPage","@id":"https:\/\/globeteach.org\/","url":"https:\/\/globeteach.org\/","name":"Inicio - Globe Teach","isPartOf":{"@id":"https:\/\/globeteach.org\/es_es\/#website"},"primaryImageOfPage":{"@id":"https:\/\/globeteach.org\/#primaryimage"},"image":{"@id":"https:\/\/globeteach.org\/#primaryimage"},"thumbnailUrl":"https:\/\/globeteach.org\/wp-content\/uploads\/2020\/12\/thisisengineering-raeng-TXxiFuQLBKQ-unsplash-1024x683.jpg","datePublished":"2020-12-10T14:14:18+00:00","dateModified":"2023-03-24T11:32:11+00:00","description":"We are a recruiting and consulting agency specialized in education.","breadcrumb":{"@id":"https:\/\/globeteach.org\/#breadcrumb"},"inLanguage":"en-GB","potentialAction":[{"@type":"ReadAction","target":["https:\/\/globeteach.org\/"]}]},{"@type":"ImageObject","inLanguage":"en-GB","@id":"https:\/\/globeteach.org\/#primaryimage","url":"https:\/\/globeteach.org\/wp-content\/uploads\/2020\/12\/thisisengineering-raeng-TXxiFuQLBKQ-unsplash-1024x683.jpg","contentUrl":"https:\/\/globeteach.org\/wp-content\/uploads\/2020\/12\/thisisengineering-raeng-TXxiFuQLBKQ-unsplash-1024x683.jpg"},{"@type":"BreadcrumbList","@id":"https:\/\/globeteach.org\/#breadcrumb","itemListElement":[{"@type":"ListItem","position":1,"name":"Portada","item":"https:\/\/globeteach.org\/"},{"@type":"ListItem","position":2,"name":"Inicio"}]},{"@type":"WebSite","@id":"https:\/\/globeteach.org\/es_es\/#website","url":"https:\/\/globeteach.org\/es_es\/","name":"Globe Teach","description":"We are an educational agency specialized in consulting and recruiting.","publisher":{"@id":"https:\/\/globeteach.org\/es_es\/#organization"},"potentialAction":[{"@type":"SearchAction","target":{"@type":"EntryPoint","urlTemplate":"https:\/\/globeteach.org\/es_es\/?s={search_term_string}"},"query-input":{"@type":"PropertyValueSpecification","valueRequired":true,"valueName":"search_term_string"}}],"inLanguage":"en-GB"},{"@type":"Organization","@id":"https:\/\/globeteach.org\/es_es\/#organization","name":"Globe Teach","url":"https:\/\/globeteach.org\/es_es\/","logo":{"@type":"ImageObject","inLanguage":"en-GB","@id":"https:\/\/globeteach.org\/es_es\/#\/schema\/logo\/image\/","url":"https:\/\/globeteach.org\/wp-content\/uploads\/2020\/12\/globeteach-logo.png","contentUrl":"https:\/\/globeteach.org\/wp-content\/uploads\/2020\/12\/globeteach-logo.png","width":400,"height":263,"caption":"Globe Teach"},"image":{"@id":"https:\/\/globeteach.org\/es_es\/#\/schema\/logo\/image\/"}}]}},"_links":{"self":[{"href":"https:\/\/globeteach.org\/en\/wp-json\/wp\/v2\/pages\/32","targetHints":{"allow":["GET"]}}],"collection":[{"href":"https:\/\/globeteach.org\/en\/wp-json\/wp\/v2\/pages"}],"about":[{"href":"https:\/\/globeteach.org\/en\/wp-json\/wp\/v2\/types\/page"}],"author":[{"embeddable":true,"href":"https:\/\/globeteach.org\/en\/wp-json\/wp\/v2\/users\/1"}],"replies":[{"embeddable":true,"href":"https:\/\/globeteach.org\/en\/wp-json\/wp\/v2\/comments?post=32"}],"version-history":[{"count":132,"href":"https:\/\/globeteach.org\/en\/wp-json\/wp\/v2\/pages\/32\/revisions"}],"predecessor-version":[{"id":2811,"href":"https:\/\/globeteach.org\/en\/wp-json\/wp\/v2\/pages\/32\/revisions\/2811"}],"wp:attachment":[{"href":"https:\/\/globeteach.org\/en\/wp-json\/wp\/v2\/media?parent=32"}],"curies":[{"name":"wp","href":"https:\/\/api.w.org\/{rel}","templated":true}]}}